{"id":7,"date":"2013-01-23T10:42:46","date_gmt":"2013-01-23T10:42:46","guid":{"rendered":"http:\/\/localhost\/schulze\/?page_id=6"},"modified":"2018-07-11T10:00:26","modified_gmt":"2018-07-11T08:00:26","slug":"demenzbetreuung-koln","status":"publish","type":"page","link":"https:\/\/demenzbetreuung-koeln.de\/","title":{"rendered":"Demenzbetreuung K\u00f6ln"},"content":{"rendered":"<p>Dem Herbst Sonne schenken \u2013\u00a0Lebensqualit\u00e4t mit Demenz.<\/p>\n<p>Demente Menschen brauchen:<\/p>\n<ul>\n<li>Sicherheit<\/li>\n<li>Erinnerungen<\/li>\n<li>Wertsch\u00e4tzung<\/li>\n<li>Vertrauen<\/li>\n<li>Aktivierung<\/li>\n<li>Zuneigung<\/li>\n<li>W\u00fcrde<\/li>\n<li>Alltag<\/li>\n<li>Beweglichkeit<\/li>\n<\/ul>\n<p>Nur das Beste f\u00fcr geliebte Menschen: Wir beraten und unterst\u00fctzen pflegende Angeh\u00f6rige von dementen und alltagsverwirrten Menschen. Denn qualifizierte Begleitung erm\u00f6glicht den Demenzkranken eine bessere Lebensqualit\u00e4t:<\/p>\n<ul>\n<li>Wir vermitteln Freude im Alltag durch Ausfl\u00fcge und Freizeitgestaltung<\/li>\n<li>Wir f\u00f6rdern vorhandene F\u00e4higkeiten mit Ged\u00e4chtnistraining und Aktionen<\/li>\n<li>Wir nutzen Materialien, die speziell auf Demenzerkrankte abgestimmt sind<\/li>\n<li>Wir erkennen individuelle Bed\u00fcrfnisse und setzen Sie gemeinsam mit Ihnen um<\/li>\n<\/ul>\n<p>So lernen Angeh\u00f6rige einen entspannteren Umgang mit dementen Menschen und gewinnen Ihre pers\u00f6nliche Freiheit zur\u00fcck.<\/p>\n<p>&nbsp;<\/p>","protected":false},"excerpt":{"rendered":"<p>Dem Herbst Sonne schenken \u2013\u00a0Lebensqualit\u00e4t mit Demenz. Demente Menschen brauchen: Sicherheit Erinnerungen Wertsch\u00e4tzung Vertrauen Aktivierung Zuneigung W\u00fcrde Alltag Beweglichkeit Nur das Beste f\u00fcr geliebte Menschen: Wir beraten und unterst\u00fctzen pflegende Angeh\u00f6rige von dementen und alltagsverwirrten Menschen. Denn qualifizierte Begleitung erm\u00f6glicht &hellip; <a href=\"https:\/\/demenzbetreuung-koeln.de\/\">Weiterlesen <span class=\"meta-nav\">&rarr;<\/span><\/a><\/p>\n","protected":false},"author":1,"featured_media":0,"parent":0,"menu_order":0,"comment_status":"closed","ping_status":"closed","template":"sidebar-page.php","meta":{"footnotes":""},"class_list":["post-7","page","type-page","status-publish","hentry"],"yoast_head":"<!-- This site is optimized with the Yoast SEO plugin v27.3 - https:\/\/yoast.com\/product\/yoast-seo-wordpress\/ -->\n<title>Demenzbetreuung K\u00f6ln - Demenzbetreuung K\u00f6ln<\/title>\n<meta name=\"robots\" content=\"index, follow, max-snippet:-1, max-image-preview:large, max-video-preview:-1\" \/>\n<link rel=\"canonical\" href=\"https:\/\/demenzbetreuung-koeln.de\/\" \/>\n<meta property=\"og:locale\" content=\"de_DE\" \/>\n<meta property=\"og:type\" content=\"article\" \/>\n<meta property=\"og:title\" content=\"Demenzbetreuung K\u00f6ln - Demenzbetreuung K\u00f6ln\" \/>\n<meta property=\"og:description\" content=\"Dem Herbst Sonne schenken \u2013\u00a0Lebensqualit\u00e4t mit Demenz. Demente Menschen brauchen: Sicherheit Erinnerungen Wertsch\u00e4tzung Vertrauen Aktivierung Zuneigung W\u00fcrde Alltag Beweglichkeit Nur das Beste f\u00fcr geliebte Menschen: Wir beraten und unterst\u00fctzen pflegende Angeh\u00f6rige von dementen und alltagsverwirrten Menschen. Denn qualifizierte Begleitung erm\u00f6glicht &hellip; Weiterlesen &rarr;\" \/>\n<meta property=\"og:url\" content=\"https:\/\/demenzbetreuung-koeln.de\/\" \/>\n<meta property=\"og:site_name\" content=\"Demenzbetreuung K\u00f6ln\" \/>\n<meta property=\"article:modified_time\" content=\"2018-07-11T08:00:26+00:00\" \/>\n<meta name=\"twitter:card\" content=\"summary_large_image\" \/>\n<meta name=\"twitter:label1\" content=\"Gesch\u00e4tzte Lesezeit\" \/>\n\t<meta name=\"twitter:data1\" content=\"1\u00a0Minute\" \/>\n<script type=\"application\/ld+json\" class=\"yoast-schema-graph\">{\"@context\":\"https:\\\/\\\/schema.org\",\"@graph\":[{\"@type\":\"WebPage\",\"@id\":\"https:\\\/\\\/demenzbetreuung-koeln.de\\\/\",\"url\":\"https:\\\/\\\/demenzbetreuung-koeln.de\\\/\",\"name\":\"Demenzbetreuung K\u00f6ln - Demenzbetreuung K\u00f6ln\",\"isPartOf\":{\"@id\":\"https:\\\/\\\/demenzbetreuung-koeln.de\\\/#website\"},\"datePublished\":\"2013-01-23T10:42:46+00:00\",\"dateModified\":\"2018-07-11T08:00:26+00:00\",\"breadcrumb\":{\"@id\":\"https:\\\/\\\/demenzbetreuung-koeln.de\\\/#breadcrumb\"},\"inLanguage\":\"de\",\"potentialAction\":[{\"@type\":\"ReadAction\",\"target\":[\"https:\\\/\\\/demenzbetreuung-koeln.de\\\/\"]}]},{\"@type\":\"BreadcrumbList\",\"@id\":\"https:\\\/\\\/demenzbetreuung-koeln.de\\\/#breadcrumb\",\"itemListElement\":[{\"@type\":\"ListItem\",\"position\":1,\"name\":\"Startseite\",\"item\":\"https:\\\/\\\/demenzbetreuung-koeln.de\\\/\"},{\"@type\":\"ListItem\",\"position\":2,\"name\":\"Demenzbetreuung K\u00f6ln\"}]},{\"@type\":\"WebSite\",\"@id\":\"https:\\\/\\\/demenzbetreuung-koeln.de\\\/#website\",\"url\":\"https:\\\/\\\/demenzbetreuung-koeln.de\\\/\",\"name\":\"Demenzbetreuung K\u00f6ln\",\"description\":\"Zertifizierte Seniorenbetreuung im Raum K\u00f6ln, Pulheim und Frechen\",\"publisher\":{\"@id\":\"https:\\\/\\\/demenzbetreuung-koeln.de\\\/#organization\"},\"potentialAction\":[{\"@type\":\"SearchAction\",\"target\":{\"@type\":\"EntryPoint\",\"urlTemplate\":\"https:\\\/\\\/demenzbetreuung-koeln.de\\\/?s={search_term_string}\"},\"query-input\":{\"@type\":\"PropertyValueSpecification\",\"valueRequired\":true,\"valueName\":\"search_term_string\"}}],\"inLanguage\":\"de\"},{\"@type\":\"Organization\",\"@id\":\"https:\\\/\\\/demenzbetreuung-koeln.de\\\/#organization\",\"name\":\"Demenzbetreuung K\u00f6ln\",\"url\":\"https:\\\/\\\/demenzbetreuung-koeln.de\\\/\",\"logo\":{\"@type\":\"ImageObject\",\"inLanguage\":\"de\",\"@id\":\"https:\\\/\\\/demenzbetreuung-koeln.de\\\/#\\\/schema\\\/logo\\\/image\\\/\",\"url\":\"https:\\\/\\\/demenzbetreuung-koeln.de\\\/wp-content\\\/uploads\\\/2013\\\/01\\\/baum.png\",\"contentUrl\":\"https:\\\/\\\/demenzbetreuung-koeln.de\\\/wp-content\\\/uploads\\\/2013\\\/01\\\/baum.png\",\"width\":200,\"height\":257,\"caption\":\"Demenzbetreuung K\u00f6ln\"},\"image\":{\"@id\":\"https:\\\/\\\/demenzbetreuung-koeln.de\\\/#\\\/schema\\\/logo\\\/image\\\/\"}}]}<\/script>\n<!-- \/ Yoast SEO plugin. -->","yoast_head_json":{"title":"Demenzbetreuung K\u00f6ln - Demenzbetreuung K\u00f6ln","robots":{"index":"index","follow":"follow","max-snippet":"max-snippet:-1","max-image-preview":"max-image-preview:large","max-video-preview":"max-video-preview:-1"},"canonical":"https:\/\/demenzbetreuung-koeln.de\/","og_locale":"de_DE","og_type":"article","og_title":"Demenzbetreuung K\u00f6ln - Demenzbetreuung K\u00f6ln","og_description":"Dem Herbst Sonne schenken \u2013\u00a0Lebensqualit\u00e4t mit Demenz. Demente Menschen brauchen: Sicherheit Erinnerungen Wertsch\u00e4tzung Vertrauen Aktivierung Zuneigung W\u00fcrde Alltag Beweglichkeit Nur das Beste f\u00fcr geliebte Menschen: Wir beraten und unterst\u00fctzen pflegende Angeh\u00f6rige von dementen und alltagsverwirrten Menschen. Denn qualifizierte Begleitung erm\u00f6glicht &hellip; Weiterlesen &rarr;","og_url":"https:\/\/demenzbetreuung-koeln.de\/","og_site_name":"Demenzbetreuung K\u00f6ln","article_modified_time":"2018-07-11T08:00:26+00:00","twitter_card":"summary_large_image","twitter_misc":{"Gesch\u00e4tzte Lesezeit":"1\u00a0Minute"},"schema":{"@context":"https:\/\/schema.org","@graph":[{"@type":"WebPage","@id":"https:\/\/demenzbetreuung-koeln.de\/","url":"https:\/\/demenzbetreuung-koeln.de\/","name":"Demenzbetreuung K\u00f6ln - Demenzbetreuung K\u00f6ln","isPartOf":{"@id":"https:\/\/demenzbetreuung-koeln.de\/#website"},"datePublished":"2013-01-23T10:42:46+00:00","dateModified":"2018-07-11T08:00:26+00:00","breadcrumb":{"@id":"https:\/\/demenzbetreuung-koeln.de\/#breadcrumb"},"inLanguage":"de","potentialAction":[{"@type":"ReadAction","target":["https:\/\/demenzbetreuung-koeln.de\/"]}]},{"@type":"BreadcrumbList","@id":"https:\/\/demenzbetreuung-koeln.de\/#breadcrumb","itemListElement":[{"@type":"ListItem","position":1,"name":"Startseite","item":"https:\/\/demenzbetreuung-koeln.de\/"},{"@type":"ListItem","position":2,"name":"Demenzbetreuung K\u00f6ln"}]},{"@type":"WebSite","@id":"https:\/\/demenzbetreuung-koeln.de\/#website","url":"https:\/\/demenzbetreuung-koeln.de\/","name":"Demenzbetreuung K\u00f6ln","description":"Zertifizierte Seniorenbetreuung im Raum K\u00f6ln, Pulheim und Frechen","publisher":{"@id":"https:\/\/demenzbetreuung-koeln.de\/#organization"},"potentialAction":[{"@type":"SearchAction","target":{"@type":"EntryPoint","urlTemplate":"https:\/\/demenzbetreuung-koeln.de\/?s={search_term_string}"},"query-input":{"@type":"PropertyValueSpecification","valueRequired":true,"valueName":"search_term_string"}}],"inLanguage":"de"},{"@type":"Organization","@id":"https:\/\/demenzbetreuung-koeln.de\/#organization","name":"Demenzbetreuung K\u00f6ln","url":"https:\/\/demenzbetreuung-koeln.de\/","logo":{"@type":"ImageObject","inLanguage":"de","@id":"https:\/\/demenzbetreuung-koeln.de\/#\/schema\/logo\/image\/","url":"https:\/\/demenzbetreuung-koeln.de\/wp-content\/uploads\/2013\/01\/baum.png","contentUrl":"https:\/\/demenzbetreuung-koeln.de\/wp-content\/uploads\/2013\/01\/baum.png","width":200,"height":257,"caption":"Demenzbetreuung K\u00f6ln"},"image":{"@id":"https:\/\/demenzbetreuung-koeln.de\/#\/schema\/logo\/image\/"}}]}},"_links":{"self":[{"href":"https:\/\/demenzbetreuung-koeln.de\/index.php?rest_route=\/wp\/v2\/pages\/7","targetHints":{"allow":["GET"]}}],"collection":[{"href":"https:\/\/demenzbetreuung-koeln.de\/index.php?rest_route=\/wp\/v2\/pages"}],"about":[{"href":"https:\/\/demenzbetreuung-koeln.de\/index.php?rest_route=\/wp\/v2\/types\/page"}],"author":[{"embeddable":true,"href":"https:\/\/demenzbetreuung-koeln.de\/index.php?rest_route=\/wp\/v2\/users\/1"}],"replies":[{"embeddable":true,"href":"https:\/\/demenzbetreuung-koeln.de\/index.php?rest_route=%2Fwp%2Fv2%2Fcomments&post=7"}],"version-history":[{"count":7,"href":"https:\/\/demenzbetreuung-koeln.de\/index.php?rest_route=\/wp\/v2\/pages\/7\/revisions"}],"predecessor-version":[{"id":105,"href":"https:\/\/demenzbetreuung-koeln.de\/index.php?rest_route=\/wp\/v2\/pages\/7\/revisions\/105"}],"wp:attachment":[{"href":"https:\/\/demenzbetreuung-koeln.de\/index.php?rest_route=%2Fwp%2Fv2%2Fmedia&parent=7"}],"curies":[{"name":"wp","href":"https:\/\/api.w.org\/{rel}","templated":true}]}}